{"id":48,"date":"2018-07-26T21:09:45","date_gmt":"2018-07-27T00:09:45","guid":{"rendered":"http:\/\/reservaheitor.com.br\/site\/?page_id=48"},"modified":"2019-05-06T11:13:48","modified_gmt":"2019-05-06T14:13:48","slug":"nosso-cafe","status":"publish","type":"page","link":"https:\/\/reservaheitor.com.br\/site\/nosso-cafe\/","title":{"rendered":"Nosso Caf\u00e9"},"content":{"rendered":"<div class=\"col-md-12\">\n<p style=\"text-align: justify;\">Estamos localizados em um terroir privilegiado para a produ\u00e7\u00e3o de caf\u00e9s especiais, possuindo uma combina\u00e7\u00e3o equilibrada entre clima, altitude, solo e o tradicional conhecimento da fam\u00edlia Heitor.<\/p>\n<p style=\"text-align: justify;\">Seguimos normas rigorosas para a escolha de variedades e seu plantio; planejamos e acompanhamos os tratos culturais e o manejo do solo; utilizamos processos inovadores e tecnologias avan\u00e7adas em todas as etapas de produ\u00e7\u00e3o, colheita, p\u00f3s-colheita, armazenagem, benef\u00edcio e forma\u00e7\u00e3o de blends. Realizamos a an\u00e1lise sensorial de nossos lotes de caf\u00e9 e os separamos de acordo com o resultado. Contamos com a tecnologia de um sistema de rastreabilidade que d\u00e1 acesso a todas as informa\u00e7\u00f5es referentes ao processo de produ\u00e7\u00e3o de nossos lotes de caf\u00e9.<\/p>\n<p style=\"text-align: justify;\">Toda essa dedica\u00e7\u00e3o e empenho originam caf\u00e9s de alt\u00edssima qualidade, que frequentemente pontuam acima de 80 pontos na metodologia SCAA.<\/p>\n<p style=\"text-align: justify;\">As caracter\u00edsticas mais marcantes de nossos caf\u00e9s s\u00e3o os sabores achocolatado, caramelizado e frutado. Caf\u00e9s especiais e nobres, cultivados por quem bem conhece e aprecia o produto.<\/p>\n<\/div>\n","protected":false},"excerpt":{"rendered":"<p>Estamos localizados em um terroir privilegiado para a produ\u00e7\u00e3o de caf\u00e9s especiais, possuindo uma combina\u00e7\u00e3o equilibrada entre clima, altitude, solo e o tradicional conhecimento da fam\u00edlia Heitor. Seguimos normas rigorosas para a escolha de variedades e seu plantio; planejamos e acompanhamos os tratos culturais e o manejo do solo; utilizamos processos inovadores e tecnologias avan\u00e7adas [&hellip;]<\/p>\n","protected":false},"author":1,"featured_media":0,"parent":0,"menu_order":0,"comment_status":"closed","ping_status":"closed","template":"","meta":{"footnotes":""},"class_list":["post-48","page","type-page","status-publish","hentry"],"_links":{"self":[{"href":"https:\/\/reservaheitor.com.br\/site\/wp-json\/wp\/v2\/pages\/48","targetHints":{"allow":["GET"]}}],"collection":[{"href":"https:\/\/reservaheitor.com.br\/site\/wp-json\/wp\/v2\/pages"}],"about":[{"href":"https:\/\/reservaheitor.com.br\/site\/wp-json\/wp\/v2\/types\/page"}],"author":[{"embeddable":true,"href":"https:\/\/reservaheitor.com.br\/site\/wp-json\/wp\/v2\/users\/1"}],"replies":[{"embeddable":true,"href":"https:\/\/reservaheitor.com.br\/site\/wp-json\/wp\/v2\/comments?post=48"}],"version-history":[{"count":15,"href":"https:\/\/reservaheitor.com.br\/site\/wp-json\/wp\/v2\/pages\/48\/revisions"}],"predecessor-version":[{"id":407,"href":"https:\/\/reservaheitor.com.br\/site\/wp-json\/wp\/v2\/pages\/48\/revisions\/407"}],"wp:attachment":[{"href":"https:\/\/reservaheitor.com.br\/site\/wp-json\/wp\/v2\/media?parent=48"}],"curies":[{"name":"wp","href":"https:\/\/api.w.org\/{rel}","templated":true}]}}